{"id":22,"date":"2018-04-10T17:53:55","date_gmt":"2018-04-10T17:53:55","guid":{"rendered":"http:\/\/tukipilari.com\/tukiwp\/?page_id=22"},"modified":"2023-12-18T15:59:46","modified_gmt":"2023-12-18T15:59:46","slug":"kotisivut","status":"publish","type":"page","link":"https:\/\/tukipilari.com\/tukiwp\/kotisivut\/","title":{"rendered":"Kotisivut ja verkkopalvelut"},"content":{"rendered":"<p>Yritys suunnittelee ja toteuttaa monipuolisia kotisivuratkaisuja<\/p>\n<figure id=\"attachment_24\" aria-describedby=\"caption-attachment-24\" style=\"width: 300px\" class=\"wp-caption alignnone\"><a href=\"http:\/\/www.globex.fi\" target=\"_blank\" rel=\"noopener\"><img loading=\"lazy\" decoding=\"async\" class=\"work_examples wp-image-24 size-medium\" src=\"https:\/\/tukipilari.com\/tukiwp\/wp-content\/uploads\/2018\/04\/globex_thumb-300x211.jpg\" alt=\"\" width=\"300\" height=\"211\" \/><\/a><figcaption id=\"caption-attachment-24\" class=\"wp-caption-text\">Globex Oy:n p\u00e4\u00e4sivusto ja palvelujen erilliset sivustot.<\/figcaption><\/figure>\n<figure id=\"attachment_26\" aria-describedby=\"caption-attachment-26\" style=\"width: 300px\" class=\"wp-caption alignnone\"><a href=\"http:\/\/www.sptl.fi\" target=\"_blank\" rel=\"noopener\"><img loading=\"lazy\" decoding=\"async\" class=\"work_examples wp-image-26 size-medium\" src=\"https:\/\/tukipilari.com\/tukiwp\/wp-content\/uploads\/2018\/04\/sptl_thumb-300x210.jpg\" alt=\"\" width=\"300\" height=\"210\" \/><\/a><figcaption id=\"caption-attachment-26\" class=\"wp-caption-text\">Suomen P\u00f6yt\u00e4tennisliitto ry:n kotisivut sis\u00e4lt\u00e4en kattavan pelinhallintaj\u00e4rjestelm\u00e4n.<\/figcaption><\/figure>\n<figure id=\"attachment_27\" aria-describedby=\"caption-attachment-27\" style=\"width: 300px\" class=\"wp-caption alignnone\"><a href=\"https:\/\/www.tiedonrakentajat.fi\/kc\/\" target=\"_blank\" rel=\"noopener\"><img loading=\"lazy\" decoding=\"async\" class=\"work_examples wp-image-27 size-medium\" src=\"https:\/\/tukipilari.com\/tukiwp\/wp-content\/uploads\/2018\/04\/tiedonrakentajat_thumb-300x245.jpg\" alt=\"\" width=\"300\" height=\"245\" \/><\/a><figcaption id=\"caption-attachment-27\" class=\"wp-caption-text\">Tiedonrakentajat -opiskelualusta, joka on k\u00e4yt\u00f6ss\u00e4 mm. Feeniks-nettikoulussa. J\u00e4rjestelm\u00e4n avulla voi opiskella koko peruskoulun paikasta riippumatta.<\/figcaption><\/figure>\n<figure id=\"attachment_56\" aria-describedby=\"caption-attachment-56\" style=\"width: 300px\" class=\"wp-caption alignnone\"><a href=\"http:\/\/virtualexpo.fi\" target=\"_blank\" rel=\"noopener\"><img loading=\"lazy\" decoding=\"async\" class=\"work_examples wp-image-56 size-medium\" src=\"https:\/\/tukipilari.com\/tukiwp\/wp-content\/uploads\/2023\/12\/virtualexpo_thumb-300x144.jpg\" alt=\"\" width=\"300\" height=\"144\" srcset=\"https:\/\/tukipilari.com\/tukiwp\/wp-content\/uploads\/2023\/12\/virtualexpo_thumb-300x144.jpg 300w, https:\/\/tukipilari.com\/tukiwp\/wp-content\/uploads\/2023\/12\/virtualexpo_thumb.jpg 600w\" sizes=\"auto, (max-width: 300px) 100vw, 300px\" \/><\/a><figcaption id=\"caption-attachment-56\" class=\"wp-caption-text\">Virtual Expo &#8211; virtuaalinen messutapahtuma-alusta Globex Oy:lle, jossa sek\u00e4 luento- ett\u00e4 n\u00e4yttelypuoli.<\/figcaption><\/figure>\n<figure id=\"attachment_58\" aria-describedby=\"caption-attachment-58\" style=\"width: 300px\" class=\"wp-caption alignnone\"><a href=\"http:\/\/sporttiakaikille.fi\" target=\"_blank\" rel=\"noopener\"><img loading=\"lazy\" decoding=\"async\" class=\"work_examples wp-image-58 size-medium\" src=\"https:\/\/tukipilari.com\/tukiwp\/wp-content\/uploads\/2023\/12\/sporttia_thumb-300x232.jpg\" alt=\"\" width=\"300\" height=\"232\" srcset=\"https:\/\/tukipilari.com\/tukiwp\/wp-content\/uploads\/2023\/12\/sporttia_thumb-300x232.jpg 300w, https:\/\/tukipilari.com\/tukiwp\/wp-content\/uploads\/2023\/12\/sporttia_thumb.jpg 600w\" sizes=\"auto, (max-width: 300px) 100vw, 300px\" \/><\/a><figcaption id=\"caption-attachment-58\" class=\"wp-caption-text\">Sporttia Kaikille -sivusto, jossa liikunta- ja harrasteryhmien hallinnointi-, ilmoittautumis- ja maksutoiminnot.<\/figcaption><\/figure>\n","protected":false},"excerpt":{"rendered":"<p>Yritys suunnittelee ja toteuttaa monipuolisia kotisivuratkaisuja<\/p>\n","protected":false},"author":1,"featured_media":0,"parent":0,"menu_order":0,"comment_status":"closed","ping_status":"closed","template":"","meta":{"footnotes":""},"class_list":["post-22","page","type-page","status-publish","hentry"],"_links":{"self":[{"href":"https:\/\/tukipilari.com\/tukiwp\/wp-json\/wp\/v2\/pages\/22","targetHints":{"allow":["GET"]}}],"collection":[{"href":"https:\/\/tukipilari.com\/tukiwp\/wp-json\/wp\/v2\/pages"}],"about":[{"href":"https:\/\/tukipilari.com\/tukiwp\/wp-json\/wp\/v2\/types\/page"}],"author":[{"embeddable":true,"href":"https:\/\/tukipilari.com\/tukiwp\/wp-json\/wp\/v2\/users\/1"}],"replies":[{"embeddable":true,"href":"https:\/\/tukipilari.com\/tukiwp\/wp-json\/wp\/v2\/comments?post=22"}],"version-history":[{"count":9,"href":"https:\/\/tukipilari.com\/tukiwp\/wp-json\/wp\/v2\/pages\/22\/revisions"}],"predecessor-version":[{"id":70,"href":"https:\/\/tukipilari.com\/tukiwp\/wp-json\/wp\/v2\/pages\/22\/revisions\/70"}],"wp:attachment":[{"href":"https:\/\/tukipilari.com\/tukiwp\/wp-json\/wp\/v2\/media?parent=22"}],"curies":[{"name":"wp","href":"https:\/\/api.w.org\/{rel}","templated":true}]}}