{"id":18,"date":"2018-04-10T17:36:34","date_gmt":"2018-04-10T17:36:34","guid":{"rendered":"http:\/\/tukipilari.com\/tukiwp\/?page_id=18"},"modified":"2018-04-10T17:36:34","modified_gmt":"2018-04-10T17:36:34","slug":"yritys","status":"publish","type":"page","link":"https:\/\/tukipilari.com\/tukiwp\/","title":{"rendered":"Yritys"},"content":{"rendered":"<p>Tmi Tukipilari Marko Koskinen on monipuolinen palveluyritys, joka tuottaa tietoteknisi\u00e4 ja kasvatusalan palveluja.<\/p>\n<p>Keskeisimpin\u00e4 palvelumuotoina ovat kotisivujen ja ohjelmistojen suunnittelu ja toteutus, peliohjelmoinnin koulutus ja oppilas- ja lapsil\u00e4ht\u00f6iseen kasvatukseen liittyv\u00e4 koulutus ja konsultointi.<\/p>\n<p>Marko Koskinen yhdist\u00e4\u00e4 tietoteknist\u00e4 ja kasvatukseen liittyv\u00e4\u00e4 osaamista. H\u00e4n on suunnitellut ja toteuttanut mm. Tiedonrakentajat-j\u00e4rjestelm\u00e4n, nettipohjiasen opiskelualustan, jota k\u00e4ytet\u00e4\u00e4n mm. Feeniks-nettikoulussa.<\/p>\n<p>&nbsp;<\/p>\n","protected":false},"excerpt":{"rendered":"<p>Tmi Tukipilari Marko Koskinen on monipuolinen palveluyritys, joka tuottaa tietoteknisi\u00e4 ja kasvatusalan palveluja. Keskeisimpin\u00e4 palvelumuotoina ovat kotisivujen ja ohjelmistojen suunnittelu ja toteutus, peliohjelmoinnin koulutus ja oppilas- ja lapsil\u00e4ht\u00f6iseen kasvatukseen liittyv\u00e4 koulutus ja konsultointi. Marko Koskinen yhdist\u00e4\u00e4 tietoteknist\u00e4 ja kasvatukseen liittyv\u00e4\u00e4 osaamista. H\u00e4n on suunnitellut ja toteuttanut mm. Tiedonrakentajat-j\u00e4rjestelm\u00e4n, nettipohjiasen opiskelualustan, jota k\u00e4ytet\u00e4\u00e4n mm. Feeniks-nettikoulussa. &nbsp;<\/p>\n","protected":false},"author":1,"featured_media":0,"parent":0,"menu_order":0,"comment_status":"closed","ping_status":"closed","template":"","meta":{"footnotes":""},"class_list":["post-18","page","type-page","status-publish","hentry"],"_links":{"self":[{"href":"https:\/\/tukipilari.com\/tukiwp\/wp-json\/wp\/v2\/pages\/18","targetHints":{"allow":["GET"]}}],"collection":[{"href":"https:\/\/tukipilari.com\/tukiwp\/wp-json\/wp\/v2\/pages"}],"about":[{"href":"https:\/\/tukipilari.com\/tukiwp\/wp-json\/wp\/v2\/types\/page"}],"author":[{"embeddable":true,"href":"https:\/\/tukipilari.com\/tukiwp\/wp-json\/wp\/v2\/users\/1"}],"replies":[{"embeddable":true,"href":"https:\/\/tukipilari.com\/tukiwp\/wp-json\/wp\/v2\/comments?post=18"}],"version-history":[{"count":1,"href":"https:\/\/tukipilari.com\/tukiwp\/wp-json\/wp\/v2\/pages\/18\/revisions"}],"predecessor-version":[{"id":19,"href":"https:\/\/tukipilari.com\/tukiwp\/wp-json\/wp\/v2\/pages\/18\/revisions\/19"}],"wp:attachment":[{"href":"https:\/\/tukipilari.com\/tukiwp\/wp-json\/wp\/v2\/media?parent=18"}],"curies":[{"name":"wp","href":"https:\/\/api.w.org\/{rel}","templated":true}]}}